{"id":502,"date":"2023-11-17T15:42:31","date_gmt":"2023-11-17T13:42:31","guid":{"rendered":"https:\/\/cipecar.org\/desarrolloapp\/?page_id=502"},"modified":"2026-02-21T14:41:00","modified_gmt":"2026-02-21T12:41:00","slug":"informacion","status":"publish","type":"page","link":"https:\/\/cipecar.org\/desarrolloapp\/informacion\/","title":{"rendered":"Informaci\u00f3n"},"content":{"rendered":"\t\t<div data-elementor-type=\"wp-page\" data-elementor-id=\"502\" class=\"elementor elementor-502\">\n\t\t\t\t\t\t\t\t\t<section class=\"elementor-section elementor-top-section elementor-element elementor-element-4ce7994b elementor-section-boxed elementor-section-height-default elementor-section-height-default\" data-id=\"4ce7994b\" data-element_type=\"section\">\n\t\t\t\t\t\t<div class=\"elementor-container elementor-column-gap-default\">\n\t\t\t\t\t<div class=\"elementor-column elementor-col-100 elementor-top-column elementor-element elementor-element-2f31112f\" data-id=\"2f31112f\" data-element_type=\"column\">\n\t\t\t<div class=\"elementor-widget-wrap elementor-element-populated\">\n\t\t\t\t\t\t\t\t<div class=\"elementor-element elementor-element-2bc077ba elementor-widget elementor-widget-text-editor\" data-id=\"2bc077ba\" data-element_type=\"widget\" data-widget_type=\"text-editor.default\">\n\t\t\t\t<div class=\"elementor-widget-container\">\n\t\t\t<style>\/*! elementor - v3.13.3 - 22-05-2023 *\/\n.elementor-widget-text-editor.elementor-drop-cap-view-stacked .elementor-drop-cap{background-color:#69727d;color:#fff}.elementor-widget-text-editor.elementor-drop-cap-view-framed .elementor-drop-cap{color:#69727d;border:3px solid;background-color:transparent}.elementor-widget-text-editor:not(.elementor-drop-cap-view-default) .elementor-drop-cap{margin-top:8px}.elementor-widget-text-editor:not(.elementor-drop-cap-view-default) .elementor-drop-cap-letter{width:1em;height:1em}.elementor-widget-text-editor .elementor-drop-cap{float:left;text-align:center;line-height:1;font-size:50px}.elementor-widget-text-editor .elementor-drop-cap-letter{display:inline-block}<\/style>\t\t\t\t<p><!-- wp:paragraph {\"style\":{\"elements\":{\"link\":{\"color\":{\"text\":\"#000000\"}}},\"color\":{\"text\":\"#e5d025\"}}} --><\/p>\n<p class=\"has-text-color has-link-color\" style=\"color: #e5d025;\">GRUPO EDITORIAL FONTE<\/p>\n<p class=\"has-text-color has-link-color\" style=\"color: #000000;\">Toque aqu\u00ed para contactar: <a style=\"color: #000000;\" href=\"tel:947256061\">947 25 60 61<\/a><\/p>\n<p>\u00bfTe gustar\u00eda publicar un libro con nosotros?<\/p>\n<p>\ud83d\udcde Ll\u00e1manos y cu\u00e9ntanos tu proyecto.<br>Nos encantar\u00e1 escucharte y orientarte personalmente desde el primer momento.<\/p>\n<p>\ud83d\udce9 Tambi\u00e9n puedes escribirnos pulsando aqu\u00ed:&nbsp;<a href=\"mailto:editorial@montecarmelo.com\">editorial@montecarmelo.com<\/a><\/p>\n<p>Dar el primer paso es m\u00e1s f\u00e1cil de lo que imaginas. Estamos aqu\u00ed para ayudarte.<\/p>\n<p><!-- \/wp:paragraph --><!-- wp:paragraph {\"style\":{\"elements\":{\"link\":{\"color\":{\"text\":\"#ef6837\"}}},\"color\":{\"text\":\"#ef6837\"}}} --><\/p>\n<p class=\"has-text-color has-link-color\" style=\"color: #ef6837;\">_____________<\/p>\n<p><!-- \/wp:paragraph --><!-- wp:paragraph {\"style\":{\"elements\":{\"link\":{\"color\":{\"text\":\"var:preset|color|luminous-vivid-orange\"}}},\"color\":{\"text\":\"var:preset|color|luminous-vivid-orange\"}}} --><\/p>\n<p class=\"has-text-color has-link-color\" style=\"color: var(--wp--preset--color--luminous-vivid-orange);\">EVANGELIO ORADO. DESCUBRE TU PRESENCIA<\/p>\n<p class=\"has-text-color has-link-color\" style=\"color: var(--wp--preset--color--luminous-vivid-orange);\"><a style=\"color: var(--wp--preset--color--luminous-vivid-orange);\" href=\"http:\/\/www.cipecar.org\">El CIPE:&nbsp;<\/a><\/p>\n<p>Centro de Iniciativas de Pastoral de Espiritualidad ofrece unos minutos de oraci\u00f3n a quienes buscan un encuentro con el Dios<br>VIVO.<br>Escuchar el evangelio orado, cada d\u00eda, con la palabra de los M\u00edsticos del Carmelo puede ayudarte en el trato de amistad con Jes\u00fas, el Amigo verdadero<br>Leer y meditar el evangelio cada d\u00eda, puede darle a tu vida un impulso misionero para ser en medio de las gentes un poco de luz, un poco de sal,<br>\u00a1una esperanza!<br>Escuchar e interiorizar las canciones orantes puede encender en tu coraz\u00f3n la m\u00e1s viva llama del Esp\u00edritu.<br>Unos minutos de Evangelio cada d\u00eda, al amanecer, o al caer la tarde, puede ser tu forma agradecida a la bondad y ternura del Padre. Te ayudar\u00e1 a descubrir el sentido de tu vida.<br>\u00abYo soy una misi\u00f3n en esta tierra, y para eso estoy en este mundo. Hay que reconocerse a s\u00ed mismo como marcado a fuego por esa misi\u00f3n de iluminar, bendecir, vivificar, levantar, sanar, liberar\u00bb (Papa Francisco).<br>Nuestro agradecimiento a quienes forman parte de esta iniciativa orante.<br>Impulsa y promueve el Proyecto: El grupo editorial FONTE.<\/p>\n<p><!-- \/wp:paragraph --><!-- wp:image {\"id\":503,\"width\":\"630px\",\"height\":\"auto\",\"sizeSlug\":\"full\",\"linkDestination\":\"none\"} --><\/p>\n<figure class=\"wp-block-image size-full is-resized\"><img loading=\"lazy\" decoding=\"async\" width=\"696\" height=\"192\" class=\"wp-image-503\" style=\"width: 630px; height: auto;\" src=\"https:\/\/cipecar.org\/desarrolloapp\/wp-content\/uploads\/2023\/11\/WhatsApp-Image-2023-11-17-at-5.39.48-PM.jpeg\" alt=\"\" srcset=\"https:\/\/cipecar.org\/desarrolloapp\/wp-content\/uploads\/2023\/11\/WhatsApp-Image-2023-11-17-at-5.39.48-PM.jpeg 696w, https:\/\/cipecar.org\/desarrolloapp\/wp-content\/uploads\/2023\/11\/WhatsApp-Image-2023-11-17-at-5.39.48-PM-300x83.jpeg 300w\" sizes=\"auto, (max-width: 696px) 100vw, 696px\" \/><\/figure>\n<p><!-- \/wp:image --><!-- wp:paragraph {\"align\":\"center\",\"style\":{\"elements\":{\"link\":{\"color\":{\"text\":\"var:preset|color|luminous-vivid-orange\"}}}},\"textColor\":\"luminous-vivid-orange\"} --><\/p>\n<p class=\"has-text-align-center has-luminous-vivid-orange-color has-text-color has-link-color\"><a href=\"https:\/\/cipecar.org\/desarrolloapp\/\">VOLVER ATR\u00c1S<\/a><\/p>\n<p><!-- \/wp:paragraph --><\/p>\t\t\t\t\t\t<\/div>\n\t\t\t\t<\/div>\n\t\t\t\t\t<\/div>\n\t\t<\/div>\n\t\t\t\t\t\t\t<\/div>\n\t\t<\/section>\n\t\t\t\t\t\t\t<\/div>\n\t\t","protected":false},"excerpt":{"rendered":"<p>GRUPO EDITORIAL FONTE Toque aqu\u00ed para contactar: 947 25 60 61 \u00bfTe gustar\u00eda publicar un libro con nosotros? &#x1f4de; Ll\u00e1manos y cu\u00e9ntanos tu proyecto.Nos encantar\u00e1 escucharte y orientarte personalmente desde el primer momento. &#x1f4e9; Tambi\u00e9n puedes escribirnos pulsando aqu\u00ed:&nbsp;editorial@montecarmelo.com Dar el primer paso es m\u00e1s f\u00e1cil de lo que imaginas. Estamos aqu\u00ed para ayudarte. _____________ [&hellip;]<\/p>\n","protected":false},"author":1,"featured_media":0,"parent":0,"menu_order":0,"comment_status":"closed","ping_status":"closed","template":"","meta":{"footnotes":""},"class_list":["post-502","page","type-page","status-publish","hentry"],"_links":{"self":[{"href":"https:\/\/cipecar.org\/desarrolloapp\/wp-json\/wp\/v2\/pages\/502","targetHints":{"allow":["GET"]}}],"collection":[{"href":"https:\/\/cipecar.org\/desarrolloapp\/wp-json\/wp\/v2\/pages"}],"about":[{"href":"https:\/\/cipecar.org\/desarrolloapp\/wp-json\/wp\/v2\/types\/page"}],"author":[{"embeddable":true,"href":"https:\/\/cipecar.org\/desarrolloapp\/wp-json\/wp\/v2\/users\/1"}],"replies":[{"embeddable":true,"href":"https:\/\/cipecar.org\/desarrolloapp\/wp-json\/wp\/v2\/comments?post=502"}],"version-history":[{"count":15,"href":"https:\/\/cipecar.org\/desarrolloapp\/wp-json\/wp\/v2\/pages\/502\/revisions"}],"predecessor-version":[{"id":13550,"href":"https:\/\/cipecar.org\/desarrolloapp\/wp-json\/wp\/v2\/pages\/502\/revisions\/13550"}],"wp:attachment":[{"href":"https:\/\/cipecar.org\/desarrolloapp\/wp-json\/wp\/v2\/media?parent=502"}],"curies":[{"name":"wp","href":"https:\/\/api.w.org\/{rel}","templated":true}]}}